{"id":10,"date":"2026-05-01T16:53:14","date_gmt":"2026-05-01T16:53:14","guid":{"rendered":"https:\/\/acsesuarbanktech.com\/?page_id=10"},"modified":"2026-05-01T16:53:14","modified_gmt":"2026-05-01T16:53:14","slug":"sepet","status":"publish","type":"page","link":"https:\/\/acsesuarbanktech.com\/sepet\/","title":{"rendered":"Sepet"},"content":{"rendered":"<div class=\"woocommerce\"><div class=\"woocommerce-notices-wrapper\"><\/div><div class=\"wc-empty-cart-message\">\n\t<div class=\"cart-empty woocommerce-info\" role=\"status\">\n\t\tSepetiniz \u015fu anda bo\u015f.\t<\/div>\n<\/div>\t\t<h2 class=\"cart-empty wd-empty-block-title wc-empty-cart-message\">\n\t\t\tSepetiniz \u015fu anda bo\u015f.\t\t<\/h2>\n\t\t\t\t\t\t<p class=\"wd-empty-block-text\">\n\t\t\t\tBefore proceed to checkout you must add some products to your shopping cart. You will find a lot of interesting products on our \"Shop\" page.\t\t\t\t<\/p>\n\t\t\t\t<p class=\"return-to-shop\">\n\t\t<a class=\"button wc-backward\" href=\"https:\/\/acsesuarbanktech.com\/shop\/\">\n\t\t\tMa\u011fazaya geri d\u00f6n\t\t<\/a>\n\t<\/p>\n<\/div>\n","protected":false},"excerpt":{"rendered":"","protected":false},"author":1,"featured_media":0,"parent":0,"menu_order":0,"comment_status":"closed","ping_status":"closed","template":"","meta":{"footnotes":""},"class_list":["post-10","page","type-page","status-publish","hentry"],"yoast_head":"<!-- This site is optimized with the Yoast SEO plugin v27.5 - https:\/\/yoast.com\/product\/yoast-seo-wordpress\/ -->\n<title>Sepet - Acsesuarbanktech.com<\/title>\n<meta name=\"robots\" content=\"index, follow, max-snippet:-1, max-image-preview:large, max-video-preview:-1\" \/>\n<link rel=\"canonical\" href=\"https:\/\/acsesuarbanktech.com\/sepet\/\" \/>\n<meta property=\"og:locale\" content=\"tr_TR\" \/>\n<meta property=\"og:type\" content=\"article\" \/>\n<meta property=\"og:title\" content=\"Sepet - Acsesuarbanktech.com\" \/>\n<meta property=\"og:url\" content=\"https:\/\/acsesuarbanktech.com\/sepet\/\" \/>\n<meta property=\"og:site_name\" content=\"Acsesuarbanktech.com\" \/>\n<meta name=\"twitter:card\" content=\"summary_large_image\" \/>\n<script type=\"application\/ld+json\" class=\"yoast-schema-graph\">{\"@context\":\"https:\\\/\\\/schema.org\",\"@graph\":[{\"@type\":\"WebPage\",\"@id\":\"https:\\\/\\\/acsesuarbanktech.com\\\/sepet\\\/\",\"url\":\"https:\\\/\\\/acsesuarbanktech.com\\\/sepet\\\/\",\"name\":\"Sepet - Acsesuarbanktech.com\",\"isPartOf\":{\"@id\":\"https:\\\/\\\/acsesuarbanktech.com\\\/#website\"},\"datePublished\":\"2026-05-01T16:53:14+00:00\",\"breadcrumb\":{\"@id\":\"https:\\\/\\\/acsesuarbanktech.com\\\/sepet\\\/#breadcrumb\"},\"inLanguage\":\"tr\",\"potentialAction\":[{\"@type\":\"ReadAction\",\"target\":[\"https:\\\/\\\/acsesuarbanktech.com\\\/sepet\\\/\"]}]},{\"@type\":\"BreadcrumbList\",\"@id\":\"https:\\\/\\\/acsesuarbanktech.com\\\/sepet\\\/#breadcrumb\",\"itemListElement\":[{\"@type\":\"ListItem\",\"position\":1,\"name\":\"Anasayfa\",\"item\":\"https:\\\/\\\/acsesuarbanktech.com\\\/\"},{\"@type\":\"ListItem\",\"position\":2,\"name\":\"Sepet\"}]},{\"@type\":\"WebSite\",\"@id\":\"https:\\\/\\\/acsesuarbanktech.com\\\/#website\",\"url\":\"https:\\\/\\\/acsesuarbanktech.com\\\/\",\"name\":\"Acsesuarbanktech\",\"description\":\"Teknolojiye Ula\u015fman\u0131n En H\u0131zl\u0131 Yolu\",\"publisher\":{\"@id\":\"https:\\\/\\\/acsesuarbanktech.com\\\/#organization\"},\"potentialAction\":[{\"@type\":\"SearchAction\",\"target\":{\"@type\":\"EntryPoint\",\"urlTemplate\":\"https:\\\/\\\/acsesuarbanktech.com\\\/?s={search_term_string}\"},\"query-input\":{\"@type\":\"PropertyValueSpecification\",\"valueRequired\":true,\"valueName\":\"search_term_string\"}}],\"inLanguage\":\"tr\"},{\"@type\":\"Organization\",\"@id\":\"https:\\\/\\\/acsesuarbanktech.com\\\/#organization\",\"name\":\"Acstech\",\"url\":\"https:\\\/\\\/acsesuarbanktech.com\\\/\",\"logo\":{\"@type\":\"ImageObject\",\"inLanguage\":\"tr\",\"@id\":\"https:\\\/\\\/acsesuarbanktech.com\\\/#\\\/schema\\\/logo\\\/image\\\/\",\"url\":\"https:\\\/\\\/acsesuarbanktech.com\\\/wp-content\\\/uploads\\\/2026\\\/05\\\/acsesuarbank-logo-v2-1-512-x-512-piksel.png\",\"contentUrl\":\"https:\\\/\\\/acsesuarbanktech.com\\\/wp-content\\\/uploads\\\/2026\\\/05\\\/acsesuarbank-logo-v2-1-512-x-512-piksel.png\",\"width\":512,\"height\":512,\"caption\":\"Acstech\"},\"image\":{\"@id\":\"https:\\\/\\\/acsesuarbanktech.com\\\/#\\\/schema\\\/logo\\\/image\\\/\"}}]}<\/script>\n<!-- \/ Yoast SEO plugin. -->","yoast_head_json":{"title":"Sepet - Acsesuarbanktech.com","robots":{"index":"index","follow":"follow","max-snippet":"max-snippet:-1","max-image-preview":"max-image-preview:large","max-video-preview":"max-video-preview:-1"},"canonical":"https:\/\/acsesuarbanktech.com\/sepet\/","og_locale":"tr_TR","og_type":"article","og_title":"Sepet - Acsesuarbanktech.com","og_url":"https:\/\/acsesuarbanktech.com\/sepet\/","og_site_name":"Acsesuarbanktech.com","twitter_card":"summary_large_image","schema":{"@context":"https:\/\/schema.org","@graph":[{"@type":"WebPage","@id":"https:\/\/acsesuarbanktech.com\/sepet\/","url":"https:\/\/acsesuarbanktech.com\/sepet\/","name":"Sepet - Acsesuarbanktech.com","isPartOf":{"@id":"https:\/\/acsesuarbanktech.com\/#website"},"datePublished":"2026-05-01T16:53:14+00:00","breadcrumb":{"@id":"https:\/\/acsesuarbanktech.com\/sepet\/#breadcrumb"},"inLanguage":"tr","potentialAction":[{"@type":"ReadAction","target":["https:\/\/acsesuarbanktech.com\/sepet\/"]}]},{"@type":"BreadcrumbList","@id":"https:\/\/acsesuarbanktech.com\/sepet\/#breadcrumb","itemListElement":[{"@type":"ListItem","position":1,"name":"Anasayfa","item":"https:\/\/acsesuarbanktech.com\/"},{"@type":"ListItem","position":2,"name":"Sepet"}]},{"@type":"WebSite","@id":"https:\/\/acsesuarbanktech.com\/#website","url":"https:\/\/acsesuarbanktech.com\/","name":"Acsesuarbanktech","description":"Teknolojiye Ula\u015fman\u0131n En H\u0131zl\u0131 Yolu","publisher":{"@id":"https:\/\/acsesuarbanktech.com\/#organization"},"potentialAction":[{"@type":"SearchAction","target":{"@type":"EntryPoint","urlTemplate":"https:\/\/acsesuarbanktech.com\/?s={search_term_string}"},"query-input":{"@type":"PropertyValueSpecification","valueRequired":true,"valueName":"search_term_string"}}],"inLanguage":"tr"},{"@type":"Organization","@id":"https:\/\/acsesuarbanktech.com\/#organization","name":"Acstech","url":"https:\/\/acsesuarbanktech.com\/","logo":{"@type":"ImageObject","inLanguage":"tr","@id":"https:\/\/acsesuarbanktech.com\/#\/schema\/logo\/image\/","url":"https:\/\/acsesuarbanktech.com\/wp-content\/uploads\/2026\/05\/acsesuarbank-logo-v2-1-512-x-512-piksel.png","contentUrl":"https:\/\/acsesuarbanktech.com\/wp-content\/uploads\/2026\/05\/acsesuarbank-logo-v2-1-512-x-512-piksel.png","width":512,"height":512,"caption":"Acstech"},"image":{"@id":"https:\/\/acsesuarbanktech.com\/#\/schema\/logo\/image\/"}}]}},"_links":{"self":[{"href":"https:\/\/acsesuarbanktech.com\/wp-json\/wp\/v2\/pages\/10","targetHints":{"allow":["GET"]}}],"collection":[{"href":"https:\/\/acsesuarbanktech.com\/wp-json\/wp\/v2\/pages"}],"about":[{"href":"https:\/\/acsesuarbanktech.com\/wp-json\/wp\/v2\/types\/page"}],"author":[{"embeddable":true,"href":"https:\/\/acsesuarbanktech.com\/wp-json\/wp\/v2\/users\/1"}],"replies":[{"embeddable":true,"href":"https:\/\/acsesuarbanktech.com\/wp-json\/wp\/v2\/comments?post=10"}],"version-history":[{"count":0,"href":"https:\/\/acsesuarbanktech.com\/wp-json\/wp\/v2\/pages\/10\/revisions"}],"wp:attachment":[{"href":"https:\/\/acsesuarbanktech.com\/wp-json\/wp\/v2\/media?parent=10"}],"curies":[{"name":"wp","href":"https:\/\/api.w.org\/{rel}","templated":true}]}}